{"id":15,"date":"2026-02-02T18:43:05","date_gmt":"2026-02-02T16:43:05","guid":{"rendered":"https:\/\/wp.oscean.site\/?page_id=15"},"modified":"2026-03-25T08:47:36","modified_gmt":"2026-03-25T06:47:36","slug":"home-page-fi","status":"publish","type":"page","link":"https:\/\/wp.oscean.site\/?page_id=15","title":{"rendered":"Home Page FI"},"content":{"rendered":"","protected":false},"excerpt":{"rendered":"","protected":false},"author":3,"featured_media":0,"parent":0,"menu_order":0,"comment_status":"closed","ping_status":"closed","template":"","meta":{"_acf_changed":false,"footnotes":""},"class_list":["post-15","page","type-page","status-publish","hentry"],"acf":{"seo_fi":{"meta_title":"Osceansite - Vesist\u00f6jen kunnostus ja EU\u2011vaatimusten mukaiset ratkaisut","meta_description":"Osceansite kunnostaa vesist\u00f6j\u00e4 ilman kemikaaleja ja tuottaa EU\u2011vaatimusten mukaiset laskelma\u2011 ja dokumentaatiopalvelut. Keskustele asiantuntijoiden kanssa kest\u00e4v\u00e4st\u00e4 ratkaisusta.","canonical":"https:\/\/www.oscean.site\/fi"},"section_1":{"title":"Kun happi palaa veteen, el\u00e4m\u00e4 palaa.","subtitle":"Ennallistamme vesist\u00f6t nopeasti, ilman kemikaaleja \u2014 ja hoidamme EU-raportoinnin puolestasi.","services_list":{"service_1":"Kemikaaliton ennallistus","service_2":"CSRD-valmis raportointi","service_3":"V\u00e4litt\u00f6m\u00e4t tulokset"},"description":"Oceasite yhdist\u00e4\u00e4 tehokkaat hapetusratkaisut ja EU-vaatimustenmukaisuuden yhdeksi kokonaispalveluksi.","hero_bg_image":333},"section_2":{"section_label":"Kriittinen haaste","title":"Happikato pilaa vesist\u00f6t, \"ja aiheuttaa p\u00e4\u00e4nvaivaa organisaatioille.\"","challenges_list":{"challenge_1":"Hapeton vesi rehev\u00f6itt\u00e4\u00e4 ja heikent\u00e4\u00e4 vesist\u00f6n tilaa","challenge_2":"Kemikaalit eiv\u00e4t ole kest\u00e4v\u00e4 ratkaisu","challenge_3":"EU-vaatimukset ja raportointi viev\u00e4t aikaa ja resursseja","challenge_4":"","challenge_5":""},"challenge_call_to_action":{"title":"Tunnistatko t\u00e4m\u00e4n?","description":"Useimmat tiet\u00e4v\u00e4t ongelman. Harva haluaa hoitaa sen itse.","cta_text":"Keskustele ratkaisusta"}},"section_3":{"section_label":"K\u00e4ytt\u00f6kohteet","title":"Hapetuspalvelut yrityksille ja organisaatioille","description":"Autamme viranomaisia ja vastuullisuusjohtajia tunnistamaan heid\u00e4n erityisen kontekstinsa ja ekologiset vaatimuksensa.","services_list":{"service_1":{"title":"Pienet j\u00e4rvet ja lammet","description":"Paikallinen, mitattava ymp\u00e4rist\u00f6teko, jolla on selke\u00e4 ekologinen vaikutus. Sopii kunnille, yrityksille ja maanomistajille, jotka etsiv\u00e4t konkreettisia vastuullisuustekoja.","service_points":"Kuntien puistolammet\r\nYritysalueiden vesist\u00f6t\r\nYksityiset kiinteist\u00f6t"},"service_2":{"title":"Hapettomat merenlahdet","description":"Hapettomien merenlahtien hapetus tukee It\u00e4meren suojelua ja ekosysteemin ennallistamista k\u00e4yt\u00e4nn\u00f6ss\u00e4, ei vain paperilla.","service_points":"Sis\u00e4isen kuormituksen v\u00e4hent\u00e4minen\r\nSedimentin stabilointi\r\nPohjael\u00e4imist\u00f6n palautuminen"},"service_3":{"title":"R\u00e4\u00e4t\u00e4l\u00f6ity hapetus","description":"Kohdealueet ja tavoitteet m\u00e4\u00e4ritell\u00e4\u00e4n yhdess\u00e4 asiakkaan kanssa. Voidaan yhdist\u00e4\u00e4 l\u00e4\u00e4keainej\u00e4\u00e4mien poistoon tai edistyneeseen vedenk\u00e4sittelyyn.","service_points":"Teollisuuden prosessivedet\r\nPurkupisteiden hallinta\r\nEnnallistamisohjelmat"}}},"section_4":{"calculator":{"":null,"locale":"fi","currency":"\u20ac","default_price":0.02,"default_area":50,"default_benefit":0.7,"default_market_value":40,"description":"Oceansite simulaattori","main_section_title":"Hapetus \/ Ekologinen kompensaatio \u2013 Simulaattori","subtitle":"Ecosystem Simulation \u2013 Pre-implementation Impact Forecast","tab_1":"Investointi (\u20ac)","tab_2":"Happi (kg)","tab_3":"Ekologinen arvo (\u20ac)","heading_assumptions":"Oletukset (muokattavissa)","input_label_invest":"Haluan investoida (\u20ac)","input_label_oxygen":"Haluan lis\u00e4t\u00e4 happea (kg)","input_label_eco":"Haluan ekologisen arvon (\u20ac)","label_price":"Hinta \u20ac\/kg O\u2082","label_area":"Vaikutusalue (ha)","label_benefit":"Hy\u00f6tykerroin (0\u20131)","label_market_value":"Markkina-arvo \u20ac\/luonnonarvoha","heading_results":"Tulokset","heading_chart":"Vaikutusvisualisointi","btn_calc":"Laske","btn_reset":"Palauta oletukset","hint_text":"Kaavat: hapetusintensiteetti = O\u2082 \/ 100 000. Luonnonarvoha = alue \u00d7 hy\u00f6tykerroin \u00d7 intensiteetti.","res_invest":"Investointi","res_oxygen":"Lis\u00e4tty happi","res_nvha":"Luonnonarvohehtaarit","res_eco":"Ekologinen arvo"}},"section_5":{"section_label":"Miksi Me?","title":"Miksi organisaatiot valitsevat Osceansiten palvelut?","list":"Vesist\u00f6jen kunnostus ilman kemikaaleja\r\nKonkreettisia vastuullisuustekoja\r\nV\u00e4hemm\u00e4n riskej\u00e4, v\u00e4hemm\u00e4n selittely\u00e4\r\nValmiit materiaalit EU-raportointiin ja viestint\u00e4\u00e4n","call_to_action":{"label":"ALKAEN","value":"X XXX \u20ac\/kohde","description":"Tarkka hinta selvi\u00e4\u00e4 nopeasti keskustelemalla \u2013 varataan aika!","cta_text":"Keskustele ratkaisusta"}},"section_6":{"section_label":"TAPAA OSCEANSITEN ASIANTUNTIJAT","title":"Seuraava kohtaaminen vesist\u00f6jen kunnostuksesta","description":"Tapaa tiimimme seuraavassa vesiteknologiatapahtumassa.\r\nEsittelemme uuden sukupolven ratkaisuja vesist\u00f6jen kunnostukseen ja kerromme lis\u00e4\u00e4 EU-vaatimustenmukaisista dokumentaatio- ja laskentapalveluistamme.\r\nT\u00e4m\u00e4 on erinomainen tilaisuus keskustella vesist\u00f6ihin liittyvist\u00e4 tarpeistanne sek\u00e4 tarvittavista EU-tason prosesseista suoraan asiantuntijoidemme kanssa.","meta":"Kev\u00e4t 2026 \u2022 Helsinki Boat 26 -messut","event-card-label":"SEURAAVA TAPAHTUMA","event_name":"Boat 26 -messut, Helsinki","cta_text":"Pyyd\u00e4 tapaamista"},"section_7":{"section_label":"Ota yhteytt\u00e4","title":"Johdon yhteydenotto","subtitle":"Vesist\u00f6n kunnostus ja EU-vaatimustenmukaiset ratkaisut","description":"J\u00e4t\u00e4 yhteystietosi, niin viemme prosessia eteenp\u00e4in.\r\nLaadimme selke\u00e4n ratkaisuehdotuksen vesist\u00f6n kunnostukseen sek\u00e4 tarvittaessa EU-direktiivin mukaisen laskelma- ja dokumentaatiopaketin.\r\nN\u00e4m\u00e4 tiedot menev\u00e4t tyypillisesti yritysjohdon tai heid\u00e4n nime\u00e4m\u00e4ns\u00e4 asiantuntijan arvioitavaksi.","cta_text":"Pyyd\u00e4 ratkaisuehdotus","form_fields":{"field-1":"Yritys","field-2":"Toimitusjohtaja \u2013 Nimi","field-3":"Toimitusjohtaja \u2013 S\u00e4hk\u00f6posti","field-4":"Yhteyshenkil\u00f6 (assistentti \/ asiantuntija)","field-5":"Yhteyshenkil\u00f6n s\u00e4hk\u00f6posti"}},"section_8":{"title":"Kaksi ratkaisua. Yksi p\u00e4\u00e4t\u00f6s.","closing_text":"Vuokraa tai osta palvelu. Me hoidamme loput.","solution_1":{"title":"Nopeaa vesist\u00f6n kunnostusta hapettamalla","description":"Ei kemikaaleja\r\nNopeasti n\u00e4kyv\u00e4t tulokset\r\nSopii monenlaisiin kohteisiin"},"solution_2":{"title":"EU-vaatimustenmukaisuus hoidettuna","description":"Valmiit raportointipohjat\r\nCSRD- ja kest\u00e4vyysvaatimukset huomioitu\r\nDokumentaatio asiakkaan k\u00e4ytett\u00e4viss\u00e4"}}},"_links":{"self":[{"href":"https:\/\/wp.oscean.site\/index.php?rest_route=\/wp\/v2\/pages\/15","targetHints":{"allow":["GET"]}}],"collection":[{"href":"https:\/\/wp.oscean.site\/index.php?rest_route=\/wp\/v2\/pages"}],"about":[{"href":"https:\/\/wp.oscean.site\/index.php?rest_route=\/wp\/v2\/types\/page"}],"author":[{"embeddable":true,"href":"https:\/\/wp.oscean.site\/index.php?rest_route=\/wp\/v2\/users\/3"}],"replies":[{"embeddable":true,"href":"https:\/\/wp.oscean.site\/index.php?rest_route=%2Fwp%2Fv2%2Fcomments&post=15"}],"version-history":[{"count":20,"href":"https:\/\/wp.oscean.site\/index.php?rest_route=\/wp\/v2\/pages\/15\/revisions"}],"predecessor-version":[{"id":688,"href":"https:\/\/wp.oscean.site\/index.php?rest_route=\/wp\/v2\/pages\/15\/revisions\/688"}],"wp:attachment":[{"href":"https:\/\/wp.oscean.site\/index.php?rest_route=%2Fwp%2Fv2%2Fmedia&parent=15"}],"curies":[{"name":"wp","href":"https:\/\/api.w.org\/{rel}","templated":true}]}}